{"id":2259,"date":"2024-06-07T14:09:19","date_gmt":"2024-06-07T12:09:19","guid":{"rendered":"https:\/\/lukardi.com\/?page_id=2259"},"modified":"2025-01-13T14:56:59","modified_gmt":"2025-01-13T13:56:59","slug":"e-book","status":"publish","type":"page","link":"https:\/\/lukardi.com\/de\/e-buch\/","title":{"rendered":"E-books"},"content":{"rendered":"<div data-elementor-type=\"wp-page\" data-elementor-id=\"2259\" class=\"elementor elementor-2259\" data-elementor-post-type=\"page\">\n\t\t\t\t<div class=\"elementor-element elementor-element-c9ea0f2 e-flex e-con-boxed e-con e-parent\" data-id=\"c9ea0f2\" data-element_type=\"container\" data-e-type=\"container\">\n\t\t\t\t\t<div class=\"e-con-inner\">\n\t\t\t\t<div class=\"elementor-element elementor-element-66fadba elementor-widget elementor-widget-heading\" data-id=\"66fadba\" data-element_type=\"widget\" data-e-type=\"widget\" data-widget_type=\"heading.default\">\n\t\t\t\t<div class=\"elementor-widget-container\">\n\t\t\t\t\t<h2 class=\"elementor-heading-title elementor-size-default\">E-books<\/h2>\t\t\t\t<\/div>\n\t\t\t\t<\/div>\n\t\t\t\t<div class=\"elementor-element elementor-element-e6d9fd4 elementor-widget elementor-widget-text-editor\" data-id=\"e6d9fd4\" data-element_type=\"widget\" data-e-type=\"widget\" data-widget_type=\"text-editor.default\">\n\t\t\t\t<div class=\"elementor-widget-container\">\n\t\t\t\t\t\t\t\t\t<p>Wissen auf h\u00f6chstem Niveau speziell f\u00fcr Sie von uns.<\/p>\t\t\t\t\t\t\t\t<\/div>\n\t\t\t\t<\/div>\n\t\t\t\t\t<\/div>\n\t\t\t\t<\/div>\n\t\t<div class=\"elementor-element elementor-element-09fe092 e-flex e-con-boxed e-con e-parent\" data-id=\"09fe092\" data-element_type=\"container\" data-e-type=\"container\">\n\t\t\t\t\t<div class=\"e-con-inner\">\n\t\t\t\t<div class=\"elementor-element elementor-element-708b028 elementor-posts__hover-none single-ebook-card elementor-grid-3 elementor-grid-tablet-2 elementor-grid-mobile-1 elementor-posts--thumbnail-top elementor-widget elementor-widget-posts\" data-id=\"708b028\" data-element_type=\"widget\" data-e-type=\"widget\" data-settings=\"{&quot;cards_row_gap&quot;:{&quot;unit&quot;:&quot;px&quot;,&quot;size&quot;:20,&quot;sizes&quot;:[]},&quot;cards_columns&quot;:&quot;3&quot;,&quot;cards_columns_tablet&quot;:&quot;2&quot;,&quot;cards_columns_mobile&quot;:&quot;1&quot;,&quot;cards_row_gap_tablet&quot;:{&quot;unit&quot;:&quot;px&quot;,&quot;size&quot;:&quot;&quot;,&quot;sizes&quot;:[]},&quot;cards_row_gap_mobile&quot;:{&quot;unit&quot;:&quot;px&quot;,&quot;size&quot;:&quot;&quot;,&quot;sizes&quot;:[]}}\" data-widget_type=\"posts.cards\">\n\t\t\t\t<div class=\"elementor-widget-container\">\n\t\t\t\t\t\t\t<div class=\"elementor-posts-container elementor-posts elementor-posts--skin-cards elementor-grid\" role=\"list\">\n\t\t\t\t<article class=\"elementor-post elementor-grid-item post-25099 post type-post status-publish format-standard has-post-thumbnail hentry category-e-book\" role=\"listitem\">\n\t\t\t<div class=\"elementor-post__card\">\n\t\t\t\t<a class=\"elementor-post__thumbnail__link\" href=\"https:\/\/lukardi.com\/de\/e-buch\/einhaltung-von-nis2-in-erp-umgebungen\/\" tabindex=\"-1\" ><div class=\"elementor-post__thumbnail\"><img fetchpriority=\"high\" decoding=\"async\" width=\"1085\" height=\"1386\" src=\"https:\/\/lukardi.com\/wp-content\/uploads\/2025\/11\/okadka-ebook-nis.png\" class=\"attachment-full size-full wp-image-25105 no-lazyload\" alt=\"\" srcset=\"https:\/\/lukardi.com\/wp-content\/uploads\/2025\/11\/okadka-ebook-nis.png 1085w, https:\/\/lukardi.com\/wp-content\/uploads\/2025\/11\/okadka-ebook-nis-235x300.png 235w, https:\/\/lukardi.com\/wp-content\/uploads\/2025\/11\/okadka-ebook-nis-802x1024.png 802w, https:\/\/lukardi.com\/wp-content\/uploads\/2025\/11\/okadka-ebook-nis-768x981.png 768w, https:\/\/lukardi.com\/wp-content\/uploads\/2025\/11\/okadka-ebook-nis-9x12.png 9w\" sizes=\"(max-width: 1085px) 100vw, 1085px\" \/><\/div><\/a>\n\t\t\t\t<div class=\"elementor-post__text\">\n\t\t\t\t<h3 class=\"elementor-post__title\">\n\t\t\t<a href=\"https:\/\/lukardi.com\/de\/e-buch\/einhaltung-von-nis2-in-erp-umgebungen\/\" >\n\t\t\t\tKompatibilit\u00e4t mit NIS2 in ERP-Umgebungen\t\t\t<\/a>\n\t\t<\/h3>\n\t\t\t\t<div class=\"elementor-post__excerpt\">\n\t\t\t<p>Download - Ein praktischer Leitfaden f\u00fcr Unternehmen, die SAP und andere ERP-Systeme einsetzen<\/p>\n\t\t<\/div>\n\t\t\t\t<\/div>\n\t\t\t\t\t<\/div>\n\t\t<\/article>\n\t\t\t\t<article class=\"elementor-post elementor-grid-item post-14853 post type-post status-publish format-standard has-post-thumbnail hentry category-e-book\" role=\"listitem\">\n\t\t\t<div class=\"elementor-post__card\">\n\t\t\t\t<a class=\"elementor-post__thumbnail__link\" href=\"https:\/\/lukardi.com\/de\/e-buch\/wie-sich-die-ecc-benutzerberechtigungen-auf-die-kosten-der-s-4-hana-lizenz-im-modell-rise-with-sap-auswirken\/\" tabindex=\"-1\" ><div class=\"elementor-post__thumbnail\"><img decoding=\"async\" width=\"1085\" height=\"1386\" src=\"https:\/\/lukardi.com\/wp-content\/uploads\/2024\/09\/2_e-book-optymalizacja-licencji_@3x.png\" class=\"attachment-full size-full wp-image-14979 no-lazyload\" alt=\"\" srcset=\"https:\/\/lukardi.com\/wp-content\/uploads\/2024\/09\/2_e-book-optymalizacja-licencji_@3x.png 1085w, https:\/\/lukardi.com\/wp-content\/uploads\/2024\/09\/2_e-book-optymalizacja-licencji_@3x-235x300.png 235w, https:\/\/lukardi.com\/wp-content\/uploads\/2024\/09\/2_e-book-optymalizacja-licencji_@3x-802x1024.png 802w, https:\/\/lukardi.com\/wp-content\/uploads\/2024\/09\/2_e-book-optymalizacja-licencji_@3x-768x981.png 768w, https:\/\/lukardi.com\/wp-content\/uploads\/2024\/09\/2_e-book-optymalizacja-licencji_@3x-9x12.png 9w\" sizes=\"(max-width: 1085px) 100vw, 1085px\" \/><\/div><\/a>\n\t\t\t\t<div class=\"elementor-post__text\">\n\t\t\t\t<h3 class=\"elementor-post__title\">\n\t\t\t<a href=\"https:\/\/lukardi.com\/de\/e-buch\/wie-sich-die-ecc-benutzerberechtigungen-auf-die-kosten-der-s-4-hana-lizenz-im-modell-rise-with-sap-auswirken\/\" >\n\t\t\t\tWie sich ECC-Benutzerberechtigungen auf die Kosten von S\/4 HANA-Lizenzen im Rise with SAP-Modell auswirken\t\t\t<\/a>\n\t\t<\/h3>\n\t\t\t\t<div class=\"elementor-post__excerpt\">\n\t\t\t<p>Registrieren Sie sich f\u00fcr das Webinar: Wie sich Berechtigungen in ECC auf die Lizenzkosten in S\/4 Rise mit SAP auswirken und erhalten Sie Expertenmaterial in Form eines 15-seitigen Ebooks. <\/p>\n\t\t<\/div>\n\t\t\t\t<\/div>\n\t\t\t\t\t<\/div>\n\t\t<\/article>\n\t\t\t\t<article class=\"elementor-post elementor-grid-item post-5422 post type-post status-publish format-standard has-post-thumbnail hentry category-e-book\" role=\"listitem\">\n\t\t\t<div class=\"elementor-post__card\">\n\t\t\t\t<a class=\"elementor-post__thumbnail__link\" href=\"https:\/\/lukardi.com\/de\/e-buch\/migration-zu-sap-s4-hana\/\" tabindex=\"-1\" ><div class=\"elementor-post__thumbnail\"><img decoding=\"async\" width=\"196\" height=\"250\" src=\"https:\/\/lukardi.com\/wp-content\/uploads\/2024\/06\/e-book-sap-s4hana-11.svg\" class=\"attachment-full size-full wp-image-13115 no-lazyload\" alt=\"\" \/><\/div><\/a>\n\t\t\t\t<div class=\"elementor-post__text\">\n\t\t\t\t<h3 class=\"elementor-post__title\">\n\t\t\t<a href=\"https:\/\/lukardi.com\/de\/e-buch\/migration-zu-sap-s4-hana\/\" >\n\t\t\t\tUmstellung auf SAP S\/4 HANA\t\t\t<\/a>\n\t\t<\/h3>\n\t\t\t\t<div class=\"elementor-post__excerpt\">\n\t\t\t<p>Alles, was Sie \u00fcber die Migration von SAP ERP auf SAP S\/4HANA wissen m\u00fcssen. <\/p>\n\t\t<\/div>\n\t\t\t\t<\/div>\n\t\t\t\t\t<\/div>\n\t\t<\/article>\n\t\t\t\t<article class=\"elementor-post elementor-grid-item post-2336 post type-post status-publish format-standard has-post-thumbnail hentry category-e-book\" role=\"listitem\">\n\t\t\t<div class=\"elementor-post__card\">\n\t\t\t\t<a class=\"elementor-post__thumbnail__link\" href=\"https:\/\/lukardi.com\/de\/e-buch\/sap-rechnungsmanagement-workflow-sap\/\" tabindex=\"-1\" ><div class=\"elementor-post__thumbnail\"><img loading=\"lazy\" decoding=\"async\" width=\"196\" height=\"250\" src=\"https:\/\/lukardi.com\/wp-content\/uploads\/2024\/06\/e-book-VIM-1.svg\" class=\"attachment-full size-full wp-image-13137 no-lazyload\" alt=\"\" \/><\/div><\/a>\n\t\t\t\t<div class=\"elementor-post__text\">\n\t\t\t\t<h3 class=\"elementor-post__title\">\n\t\t\t<a href=\"https:\/\/lukardi.com\/de\/e-buch\/sap-rechnungsmanagement-workflow-sap\/\" >\n\t\t\t\tSAP-Rechnungsmanagement - SAP-Dokumentenverwaltung\t\t\t<\/a>\n\t\t<\/h3>\n\t\t\t\t<div class=\"elementor-post__excerpt\">\n\t\t\t<p>Wenn Sie ein SAP-System haben und Ihre Inhalte besser verwalten wollen, sind Sie bei uns genau richtig! Wir zeigen Ihnen, wie Sie Ihre Inhalte und Arbeitsabl\u00e4ufe in SAP besser verwalten k\u00f6nnen.<\/p>\n\t\t<\/div>\n\t\t\t\t<\/div>\n\t\t\t\t\t<\/div>\n\t\t<\/article>\n\t\t\t\t<\/div>\n\t\t\n\t\t\t\t\t\t<\/div>\n\t\t\t\t<\/div>\n\t\t\t\t\t<\/div>\n\t\t\t\t<\/div>\n\t\t\t\t<\/div>","protected":false},"excerpt":{"rendered":"<p>Odkryj inspiruj\u0105ce e-booki od Lukardi &#8211; lidera w technologiach informatycznych dla firm. Dowiedz si\u0119 wi\u0119cej o zarz\u0105dzaniu i innowacjach w biznesie. Pobierz teraz, aby poszerzy\u0107 swoj\u0105 wiedz\u0119!<\/p>","protected":false},"author":1,"featured_media":0,"parent":0,"menu_order":0,"comment_status":"closed","ping_status":"closed","template":"","meta":{"footnotes":""},"class_list":["post-2259","page","type-page","status-publish","hentry"],"yoast_head":"<!-- This site is optimized with the Yoast SEO plugin v26.9 - https:\/\/yoast.com\/product\/yoast-seo-wordpress\/ -->\n<title>E-booki - Lukardi<\/title>\n<meta name=\"description\" content=\"Merytoryczne e-booki od Lukardi - lidera w technologiach informatycznych dla firm. Dowiedz si\u0119 wi\u0119cej o korzy\u015bciach z transformacji cyfrowej.\" \/>\n<meta name=\"robots\" content=\"index, follow, max-snippet:-1, max-image-preview:large, max-video-preview:-1\" \/>\n<link rel=\"canonical\" href=\"https:\/\/lukardi.com\/de\/e-buch\/\" \/>\n<meta property=\"og:locale\" content=\"de_DE\" \/>\n<meta property=\"og:type\" content=\"article\" \/>\n<meta property=\"og:title\" content=\"E-booki - Lukardi\" \/>\n<meta property=\"og:description\" content=\"Merytoryczne e-booki od Lukardi - lidera w technologiach informatycznych dla firm. Dowiedz si\u0119 wi\u0119cej o korzy\u015bciach z transformacji cyfrowej.\" \/>\n<meta property=\"og:url\" content=\"https:\/\/lukardi.com\/de\/e-buch\/\" \/>\n<meta property=\"og:site_name\" content=\"Lukardi\" \/>\n<meta property=\"article:modified_time\" content=\"2025-01-13T13:56:59+00:00\" \/>\n<meta name=\"twitter:card\" content=\"summary_large_image\" \/>\n<meta name=\"twitter:label1\" content=\"Gesch\u00e4tzte Lesezeit\" \/>\n\t<meta name=\"twitter:data1\" content=\"1\u00a0Minute\" \/>\n<script type=\"application\/ld+json\" class=\"yoast-schema-graph\">{\"@context\":\"https:\/\/schema.org\",\"@graph\":[{\"@type\":\"WebPage\",\"@id\":\"https:\/\/lukardi.com\/e-book\/\",\"url\":\"https:\/\/lukardi.com\/e-book\/\",\"name\":\"E-booki - Lukardi\",\"isPartOf\":{\"@id\":\"https:\/\/lukardi.com\/#website\"},\"datePublished\":\"2024-06-07T12:09:19+00:00\",\"dateModified\":\"2025-01-13T13:56:59+00:00\",\"description\":\"Merytoryczne e-booki od Lukardi - lidera w technologiach informatycznych dla firm. Dowiedz si\u0119 wi\u0119cej o korzy\u015bciach z transformacji cyfrowej.\",\"breadcrumb\":{\"@id\":\"https:\/\/lukardi.com\/e-book\/#breadcrumb\"},\"inLanguage\":\"de\",\"potentialAction\":[{\"@type\":\"ReadAction\",\"target\":[\"https:\/\/lukardi.com\/e-book\/\"]}]},{\"@type\":\"BreadcrumbList\",\"@id\":\"https:\/\/lukardi.com\/e-book\/#breadcrumb\",\"itemListElement\":[{\"@type\":\"ListItem\",\"position\":1,\"name\":\"Lukardi\",\"item\":\"https:\/\/lukardi.com\/\"},{\"@type\":\"ListItem\",\"position\":2,\"name\":\"E-booki\"}]},{\"@type\":\"WebSite\",\"@id\":\"https:\/\/lukardi.com\/#website\",\"url\":\"https:\/\/lukardi.com\/\",\"name\":\"Lukardi\",\"description\":\"Lukardi\",\"publisher\":{\"@id\":\"https:\/\/lukardi.com\/#organization\"},\"potentialAction\":[{\"@type\":\"SearchAction\",\"target\":{\"@type\":\"EntryPoint\",\"urlTemplate\":\"https:\/\/lukardi.com\/?s={search_term_string}\"},\"query-input\":{\"@type\":\"PropertyValueSpecification\",\"valueRequired\":true,\"valueName\":\"search_term_string\"}}],\"inLanguage\":\"de\"},{\"@type\":\"Organization\",\"@id\":\"https:\/\/lukardi.com\/#organization\",\"name\":\"Lukardi\",\"url\":\"https:\/\/lukardi.com\/\",\"logo\":{\"@type\":\"ImageObject\",\"inLanguage\":\"de\",\"@id\":\"https:\/\/lukardi.com\/#\/schema\/logo\/image\/\",\"url\":\"https:\/\/lukardi.com\/wp-content\/uploads\/2024\/06\/Logo_Lukardi1.svg\",\"contentUrl\":\"https:\/\/lukardi.com\/wp-content\/uploads\/2024\/06\/Logo_Lukardi1.svg\",\"width\":489,\"height\":80,\"caption\":\"Lukardi\"},\"image\":{\"@id\":\"https:\/\/lukardi.com\/#\/schema\/logo\/image\/\"}}]}<\/script>\n<!-- \/ Yoast SEO plugin. -->","yoast_head_json":{"title":"E-B\u00fccher - Lukardi","description":"Substanzielle E-Books von Lukardi - dem f\u00fchrenden Anbieter von Informationstechnologie f\u00fcr Unternehmen. Erfahren Sie mehr \u00fcber die Vorteile der digitalen Transformation.","robots":{"index":"index","follow":"follow","max-snippet":"max-snippet:-1","max-image-preview":"max-image-preview:large","max-video-preview":"max-video-preview:-1"},"canonical":"https:\/\/lukardi.com\/de\/e-buch\/","og_locale":"de_DE","og_type":"article","og_title":"E-booki - Lukardi","og_description":"Merytoryczne e-booki od Lukardi - lidera w technologiach informatycznych dla firm. Dowiedz si\u0119 wi\u0119cej o korzy\u015bciach z transformacji cyfrowej.","og_url":"https:\/\/lukardi.com\/de\/e-buch\/","og_site_name":"Lukardi","article_modified_time":"2025-01-13T13:56:59+00:00","twitter_card":"summary_large_image","twitter_misc":{"Gesch\u00e4tzte Lesezeit":"1\u00a0Minute"},"schema":{"@context":"https:\/\/schema.org","@graph":[{"@type":"WebPage","@id":"https:\/\/lukardi.com\/e-book\/","url":"https:\/\/lukardi.com\/e-book\/","name":"E-B\u00fccher - Lukardi","isPartOf":{"@id":"https:\/\/lukardi.com\/#website"},"datePublished":"2024-06-07T12:09:19+00:00","dateModified":"2025-01-13T13:56:59+00:00","description":"Substanzielle E-Books von Lukardi - dem f\u00fchrenden Anbieter von Informationstechnologie f\u00fcr Unternehmen. Erfahren Sie mehr \u00fcber die Vorteile der digitalen Transformation.","breadcrumb":{"@id":"https:\/\/lukardi.com\/e-book\/#breadcrumb"},"inLanguage":"de","potentialAction":[{"@type":"ReadAction","target":["https:\/\/lukardi.com\/e-book\/"]}]},{"@type":"BreadcrumbList","@id":"https:\/\/lukardi.com\/e-book\/#breadcrumb","itemListElement":[{"@type":"ListItem","position":1,"name":"Lukardi","item":"https:\/\/lukardi.com\/"},{"@type":"ListItem","position":2,"name":"E-booki"}]},{"@type":"WebSite","@id":"https:\/\/lukardi.com\/#website","url":"https:\/\/lukardi.com\/","name":"Lukardi","description":"Lukardi","publisher":{"@id":"https:\/\/lukardi.com\/#organization"},"potentialAction":[{"@type":"SearchAction","target":{"@type":"EntryPoint","urlTemplate":"https:\/\/lukardi.com\/?s={search_term_string}"},"query-input":{"@type":"PropertyValueSpecification","valueRequired":true,"valueName":"search_term_string"}}],"inLanguage":"de"},{"@type":"Organization","@id":"https:\/\/lukardi.com\/#organization","name":"Lukardi","url":"https:\/\/lukardi.com\/","logo":{"@type":"ImageObject","inLanguage":"de","@id":"https:\/\/lukardi.com\/#\/schema\/logo\/image\/","url":"https:\/\/lukardi.com\/wp-content\/uploads\/2024\/06\/Logo_Lukardi1.svg","contentUrl":"https:\/\/lukardi.com\/wp-content\/uploads\/2024\/06\/Logo_Lukardi1.svg","width":489,"height":80,"caption":"Lukardi"},"image":{"@id":"https:\/\/lukardi.com\/#\/schema\/logo\/image\/"}}]}},"_links":{"self":[{"href":"https:\/\/lukardi.com\/de\/wp-json\/wp\/v2\/pages\/2259","targetHints":{"allow":["GET"]}}],"collection":[{"href":"https:\/\/lukardi.com\/de\/wp-json\/wp\/v2\/pages"}],"about":[{"href":"https:\/\/lukardi.com\/de\/wp-json\/wp\/v2\/types\/page"}],"author":[{"embeddable":true,"href":"https:\/\/lukardi.com\/de\/wp-json\/wp\/v2\/users\/1"}],"replies":[{"embeddable":true,"href":"https:\/\/lukardi.com\/de\/wp-json\/wp\/v2\/comments?post=2259"}],"version-history":[{"count":0,"href":"https:\/\/lukardi.com\/de\/wp-json\/wp\/v2\/pages\/2259\/revisions"}],"wp:attachment":[{"href":"https:\/\/lukardi.com\/de\/wp-json\/wp\/v2\/media?parent=2259"}],"curies":[{"name":"wp","href":"https:\/\/api.w.org\/{rel}","templated":true}]}}